{"id":1317,"date":"2022-06-28T16:16:14","date_gmt":"2022-06-28T20:16:14","guid":{"rendered":"https:\/\/ialeman.cl\/?page_id=1317"},"modified":"2026-03-02T12:33:06","modified_gmt":"2026-03-02T16:33:06","slug":"medio-ambiente","status":"publish","type":"page","link":"https:\/\/ialeman.cl\/index.php\/medio-ambiente\/","title":{"rendered":"Medio Ambiente"},"content":{"rendered":"\t\t<div data-elementor-type=\"wp-page\" data-elementor-id=\"1317\" class=\"elementor elementor-1317\">\n\t\t\t\t\t\t<section class=\"elementor-section elementor-top-section elementor-element elementor-element-36c8019 elementor-section-full_width elementor-section-height-default elementor-section-height-default\" data-id=\"36c8019\" data-element_type=\"section\" data-e-type=\"section\">\n\t\t\t\t\t\t<div class=\"elementor-container elementor-column-gap-default\">\n\t\t\t\t\t<div class=\"elementor-column elementor-col-100 elementor-top-column elementor-element elementor-element-e51f5d1\" data-id=\"e51f5d1\" data-element_type=\"column\" data-e-type=\"column\">\n\t\t\t<div class=\"elementor-widget-wrap elementor-element-populated\">\n\t\t\t\t\t\t<div class=\"elementor-element elementor-element-23cb1be elementor-hidden-mobile elementor-widget elementor-widget-image\" data-id=\"23cb1be\" data-element_type=\"widget\" data-e-type=\"widget\" data-widget_type=\"image.default\">\n\t\t\t\t<div class=\"elementor-widget-container\">\n\t\t\t\t\t\t\t\t\t\t\t\t\t\t\t<img fetchpriority=\"high\" decoding=\"async\" width=\"1920\" height=\"556\" src=\"https:\/\/ialeman.cl\/wp-content\/uploads\/2022\/07\/medio-ambiente_portada.jpg\" class=\"attachment-full size-full wp-image-3777\" alt=\"DS Pto Montt\" \/>\t\t\t\t\t\t\t\t\t\t\t\t\t\t\t<\/div>\n\t\t\t\t<\/div>\n\t\t\t\t\t<\/div>\n\t\t<\/div>\n\t\t\t\t\t<\/div>\n\t\t<\/section>\n\t\t\t\t<section class=\"elementor-section elementor-top-section elementor-element elementor-element-e23791e elementor-section-boxed elementor-section-height-default elementor-section-height-default\" data-id=\"e23791e\" data-element_type=\"section\" data-e-type=\"section\">\n\t\t\t\t\t\t<div class=\"elementor-container elementor-column-gap-default\">\n\t\t\t\t\t<div class=\"elementor-column elementor-col-100 elementor-top-column elementor-element elementor-element-f236284\" data-id=\"f236284\" data-element_type=\"column\" data-e-type=\"column\">\n\t\t\t<div class=\"elementor-widget-wrap elementor-element-populated\">\n\t\t\t\t\t\t<div class=\"elementor-element elementor-element-c579540 elementor-hidden-desktop elementor-hidden-tablet elementor-widget elementor-widget-image\" data-id=\"c579540\" data-element_type=\"widget\" data-e-type=\"widget\" data-widget_type=\"image.default\">\n\t\t\t\t<div class=\"elementor-widget-container\">\n\t\t\t\t\t\t\t\t\t\t\t\t\t\t\t<img decoding=\"async\" width=\"1024\" height=\"1024\" src=\"https:\/\/ialeman.cl\/wp-content\/uploads\/2023\/01\/medio-ambiente_DS_Puerto_Montt-1024x1024.jpg\" class=\"attachment-large size-large wp-image-15592\" alt=\"\" srcset=\"https:\/\/ialeman.cl\/wp-content\/uploads\/2023\/01\/medio-ambiente_DS_Puerto_Montt-1024x1024.jpg 1024w, https:\/\/ialeman.cl\/wp-content\/uploads\/2023\/01\/medio-ambiente_DS_Puerto_Montt-300x300.jpg 300w, https:\/\/ialeman.cl\/wp-content\/uploads\/2023\/01\/medio-ambiente_DS_Puerto_Montt-150x150.jpg 150w, https:\/\/ialeman.cl\/wp-content\/uploads\/2023\/01\/medio-ambiente_DS_Puerto_Montt-768x768.jpg 768w, https:\/\/ialeman.cl\/wp-content\/uploads\/2023\/01\/medio-ambiente_DS_Puerto_Montt-1536x1536.jpg 1536w, https:\/\/ialeman.cl\/wp-content\/uploads\/2023\/01\/medio-ambiente_DS_Puerto_Montt-250x250.jpg 250w, https:\/\/ialeman.cl\/wp-content\/uploads\/2023\/01\/medio-ambiente_DS_Puerto_Montt.jpg 1980w\" sizes=\"(max-width: 1024px) 100vw, 1024px\" \/>\t\t\t\t\t\t\t\t\t\t\t\t\t\t\t<\/div>\n\t\t\t\t<\/div>\n\t\t\t\t\t<\/div>\n\t\t<\/div>\n\t\t\t\t\t<\/div>\n\t\t<\/section>\n\t\t\t\t<section class=\"elementor-section elementor-top-section elementor-element elementor-element-2a14f5c elementor-section-boxed elementor-section-height-default elementor-section-height-default\" data-id=\"2a14f5c\" data-element_type=\"section\" data-e-type=\"section\">\n\t\t\t\t\t\t<div class=\"elementor-container elementor-column-gap-default\">\n\t\t\t\t\t<div class=\"elementor-column elementor-col-50 elementor-top-column elementor-element elementor-element-6a0df64\" data-id=\"6a0df64\" data-element_type=\"column\" data-e-type=\"column\">\n\t\t\t<div class=\"elementor-widget-wrap elementor-element-populated\">\n\t\t\t\t\t\t<div class=\"elementor-element elementor-element-ed6ed81 elementor-widget elementor-widget-image\" data-id=\"ed6ed81\" data-element_type=\"widget\" data-e-type=\"widget\" data-widget_type=\"image.default\">\n\t\t\t\t<div class=\"elementor-widget-container\">\n\t\t\t\t\t\t\t\t\t\t\t\t\t\t\t<img decoding=\"async\" width=\"300\" height=\"300\" src=\"https:\/\/ialeman.cl\/wp-content\/uploads\/2024\/06\/Lorena-Zamora-DS-Puerto-Montt-300x300.png\" class=\"attachment-medium size-medium wp-image-33985\" alt=\"\" srcset=\"https:\/\/ialeman.cl\/wp-content\/uploads\/2024\/06\/Lorena-Zamora-DS-Puerto-Montt-300x300.png 300w, https:\/\/ialeman.cl\/wp-content\/uploads\/2024\/06\/Lorena-Zamora-DS-Puerto-Montt-150x150.png 150w, https:\/\/ialeman.cl\/wp-content\/uploads\/2024\/06\/Lorena-Zamora-DS-Puerto-Montt-250x250.png 250w, https:\/\/ialeman.cl\/wp-content\/uploads\/2024\/06\/Lorena-Zamora-DS-Puerto-Montt.png 500w\" sizes=\"(max-width: 300px) 100vw, 300px\" \/>\t\t\t\t\t\t\t\t\t\t\t\t\t\t\t<\/div>\n\t\t\t\t<\/div>\n\t\t\t\t\t<\/div>\n\t\t<\/div>\n\t\t\t\t<div class=\"elementor-column elementor-col-50 elementor-top-column elementor-element elementor-element-7560886\" data-id=\"7560886\" data-element_type=\"column\" data-e-type=\"column\">\n\t\t\t<div class=\"elementor-widget-wrap elementor-element-populated\">\n\t\t\t\t\t\t<div class=\"elementor-element elementor-element-3a4baec elementor-widget elementor-widget-heading\" data-id=\"3a4baec\" data-element_type=\"widget\" data-e-type=\"widget\" data-widget_type=\"heading.default\">\n\t\t\t\t<div class=\"elementor-widget-container\">\n\t\t\t\t\t<h2 class=\"elementor-heading-title elementor-size-default\">Lorena Zamora F.<\/h2>\t\t\t\t<\/div>\n\t\t\t\t<\/div>\n\t\t\t\t<div class=\"elementor-element elementor-element-a119712 elementor-widget elementor-widget-heading\" data-id=\"a119712\" data-element_type=\"widget\" data-e-type=\"widget\" data-widget_type=\"heading.default\">\n\t\t\t\t<div class=\"elementor-widget-container\">\n\t\t\t\t\t<h2 class=\"elementor-heading-title elementor-size-default\">ENCARGADA COMIT\u00c9 AMBIENTAL<\/h2>\t\t\t\t<\/div>\n\t\t\t\t<\/div>\n\t\t\t\t\t<\/div>\n\t\t<\/div>\n\t\t\t\t\t<\/div>\n\t\t<\/section>\n\t\t\t\t<section class=\"elementor-section elementor-top-section elementor-element elementor-element-aa79e51 elementor-section-boxed elementor-section-height-default elementor-section-height-default\" data-id=\"aa79e51\" data-element_type=\"section\" data-e-type=\"section\">\n\t\t\t\t\t\t<div class=\"elementor-container elementor-column-gap-default\">\n\t\t\t\t\t<div class=\"elementor-column elementor-col-100 elementor-top-column elementor-element elementor-element-b12a68d\" data-id=\"b12a68d\" data-element_type=\"column\" data-e-type=\"column\">\n\t\t\t<div class=\"elementor-widget-wrap elementor-element-populated\">\n\t\t\t\t\t\t<div class=\"elementor-element elementor-element-36de70c elementor-widget elementor-widget-image\" data-id=\"36de70c\" data-element_type=\"widget\" data-e-type=\"widget\" data-widget_type=\"image.default\">\n\t\t\t\t<div class=\"elementor-widget-container\">\n\t\t\t\t\t\t\t\t\t\t\t\t\t\t\t<img loading=\"lazy\" decoding=\"async\" width=\"768\" height=\"1094\" src=\"https:\/\/ialeman.cl\/wp-content\/uploads\/2026\/03\/CALENDARIO-PUNTO-LIMPIO-ds-puerto-montt-2026-768x1094.png\" class=\"attachment-medium_large size-medium_large wp-image-53884\" alt=\"\" srcset=\"https:\/\/ialeman.cl\/wp-content\/uploads\/2026\/03\/CALENDARIO-PUNTO-LIMPIO-ds-puerto-montt-2026-768x1094.png 768w, https:\/\/ialeman.cl\/wp-content\/uploads\/2026\/03\/CALENDARIO-PUNTO-LIMPIO-ds-puerto-montt-2026-211x300.png 211w, https:\/\/ialeman.cl\/wp-content\/uploads\/2026\/03\/CALENDARIO-PUNTO-LIMPIO-ds-puerto-montt-2026-719x1024.png 719w, https:\/\/ialeman.cl\/wp-content\/uploads\/2026\/03\/CALENDARIO-PUNTO-LIMPIO-ds-puerto-montt-2026-1079x1536.png 1079w, https:\/\/ialeman.cl\/wp-content\/uploads\/2026\/03\/CALENDARIO-PUNTO-LIMPIO-ds-puerto-montt-2026.png 1080w\" sizes=\"(max-width: 768px) 100vw, 768px\" \/>\t\t\t\t\t\t\t\t\t\t\t\t\t\t\t<\/div>\n\t\t\t\t<\/div>\n\t\t\t\t\t<\/div>\n\t\t<\/div>\n\t\t\t\t\t<\/div>\n\t\t<\/section>\n\t\t\t\t<section class=\"elementor-section elementor-top-section elementor-element elementor-element-073e1b9 elementor-section-boxed elementor-section-height-default elementor-section-height-default\" data-id=\"073e1b9\" data-element_type=\"section\" data-e-type=\"section\">\n\t\t\t\t\t\t<div class=\"elementor-container elementor-column-gap-default\">\n\t\t\t\t\t<div class=\"elementor-column elementor-col-100 elementor-top-column elementor-element elementor-element-e442054\" data-id=\"e442054\" data-element_type=\"column\" data-e-type=\"column\">\n\t\t\t<div class=\"elementor-widget-wrap elementor-element-populated\">\n\t\t\t\t\t\t<div class=\"elementor-element elementor-element-b37380a elementor-widget elementor-widget-blogmentor_blog_posts\" data-id=\"b37380a\" data-element_type=\"widget\" data-e-type=\"widget\" data-widget_type=\"blogmentor_blog_posts.default\">\n\t\t\t\t<div class=\"elementor-widget-container\">\n\t\t\t\t\t\t\t\n\t\t\t\t\t<div class=\"upl-main\">\n\t\t<div class=\"upl-container\">\n\t\t\t\t\t\t\t<div class=\"upl-left-section bm_content_box\">\n\t\t\t\t\t\t\t\t<div class=\"bm-post-image clearfix bm-hover-effect\">\n\t\t\t\t\t<div class=\"upl-image\" style=\"background-image: url('https:\/\/ialeman.cl\/wp-content\/uploads\/2023\/05\/certificacion-ambiental-instituto-aleman-puerto-montt-1.jpg')\"><\/div>\n\t\t\t\t<\/div>\n\t\t\t\t<div class=\"upl-author\"><img decoding=\"async\" src=\"https:\/\/secure.gravatar.com\/avatar\/40d572a4d623adc716d41ffcf8b16c31f8035144a20b3228682e3f533abcd43d?s=96&d=mm&r=g\"><\/div>\n\t\t\t\t<div class=\"upl-title bm_title\"><a href=\"https:\/\/ialeman.cl\/index.php\/certificacion-ambiental-2023\/\" rel=\"bookmark\">Certificaci\u00f3n Ambiental 2023<\/a><\/div>\t\t\t\t\t<div class=\"upl-excerpt bm_content\"> Certificaci\u00f3n Ambiental 2023 El Instituto Alem\u00e1n Puerto Montt fue reconocido por tercera vez con la Certificaci\u00f3n Ambiental. En el Arena Puerto Montt se desarroll\u00f3 la ceremonia a cargo del Ministerio&hellip; <\/div>\n\t\t\t\t\t\t\t<\/div>\n\t\t\t\n\t\t\t\t\t\t<div class=\"upl-right-section\">\n\t\t\t\t<div class=\"upl-top bm_content_box\">\n\t\t\t\t\t<div class=\"bm-post-image clearfix bm-hover-effect\">\n\t\t\t\t\t\t<div class=\"upl-image\" style=\"background-image: url('https:\/\/ialeman.cl\/wp-content\/uploads\/2023\/03\/certificacion_medio_ambiente_instituto_aleman_puerto_montt.jpg')\"><\/div>\n\t\t\t\t\t<\/div>\n\t\t\t\t\t<div class=\"upl-author\">\n\t\t\t\t\t\t<img decoding=\"async\" src=\"https:\/\/secure.gravatar.com\/avatar\/40d572a4d623adc716d41ffcf8b16c31f8035144a20b3228682e3f533abcd43d?s=96&d=mm&r=g\">\n\t\t\t\t\t<\/div>\n\t\t\t\t\t<div class=\"upl-title bm_title\"><a href=\"https:\/\/ialeman.cl\/index.php\/certificacion-ambiental\/\" rel=\"bookmark\">Certificaci\u00f3n Ambiental<\/a><\/div>\t\t\t\t\t\t<div class=\"upl-excerpt bm_content\"> El Instituto Alem\u00e1n Puerto Montt ha obtenido nuevamente este 2023 la certificaci\u00f3n&hellip; <\/div>\n\t\t\t\t\t\t\t\t\t<\/div>\n\t\t\t\t\t\t\t<div class=\"upl-bottom bm_content_box\">\n\t\t\t\t\t<div class=\"bm-post-image clearfix bm-hover-effect\">\n\t\t\t\t\t\t<div class=\"upl-image\" style=\"background-image: url('https:\/\/ialeman.cl\/wp-content\/uploads\/2022\/09\/medio-ambiente-DS-PTO-MONTT2.jpg')\"><\/div>\n\t\t\t\t\t<\/div>\n\t\t\t\t\t<div class=\"upl-author\">\n\t\t\t\t\t\t<img decoding=\"async\" src=\"https:\/\/secure.gravatar.com\/avatar\/40d572a4d623adc716d41ffcf8b16c31f8035144a20b3228682e3f533abcd43d?s=96&d=mm&r=g\">\n\t\t\t\t\t<\/div>\n\t\t\t\t\t<div class=\"upl-title bm_title\"><a href=\"https:\/\/ialeman.cl\/index.php\/punto-limpio-movil\/\" rel=\"bookmark\">Punto Limpio M\u00f3vil<\/a><\/div>\t\t\t\t\t\t<div class=\"upl-excerpt bm_content\"> Los estudiantes comprometidos con el Medio Ambiente fueron a dejar sus residuos&hellip; <\/div>\n\t\t\t\t\t\t\t\t\t<\/div>\n\t\t\t\t\t\t<\/div>\n\t\t<\/div>\n\t<\/div>\n\n\t<div class=\"upl-second-section\">\n\t\t\t\t\t<div class=\"upl-second bm_content_box\">\n\t\t\t\t<div class=\"bm-post-image clearfix bm-hover-effect\">\n\t\t\t\t\t<div class=\"upl-image\" style=\"background-image: url('https:\/\/ialeman.cl\/wp-content\/uploads\/2022\/07\/consumo-vampiro1.jpg')\"><\/div>\n\t\t\t\t<\/div>\n\t\t\t\t<div class=\"upl-author\">\n\t\t\t\t\t<img decoding=\"async\" src=\"https:\/\/secure.gravatar.com\/avatar\/40d572a4d623adc716d41ffcf8b16c31f8035144a20b3228682e3f533abcd43d?s=96&d=mm&r=g\">\n\t\t\t\t<\/div>\n\t\t\t\t<div class=\"upl-title bm_title\"><a href=\"https:\/\/ialeman.cl\/index.php\/que-es-el-consumo-vampiro\/\" rel=\"bookmark\">\u00bfQu\u00e9 es el Consumo Vampiro?<\/a><\/div>\t\t\t\t\t<div class=\"upl-excerpt bm_content\">  <\/div>\n\t\t\t\t\t\t\t<\/div>\n\t\t\t\t\t<div class=\"upl-second bm_content_box\">\n\t\t\t\t<div class=\"bm-post-image clearfix bm-hover-effect\">\n\t\t\t\t\t<div class=\"upl-image\" style=\"background-image: url('https:\/\/ialeman.cl\/wp-content\/uploads\/2022\/07\/como-reciclar.jpg')\"><\/div>\n\t\t\t\t<\/div>\n\t\t\t\t<div class=\"upl-author\">\n\t\t\t\t\t<img decoding=\"async\" src=\"https:\/\/secure.gravatar.com\/avatar\/40d572a4d623adc716d41ffcf8b16c31f8035144a20b3228682e3f533abcd43d?s=96&d=mm&r=g\">\n\t\t\t\t<\/div>\n\t\t\t\t<div class=\"upl-title bm_title\"><a href=\"https:\/\/ialeman.cl\/index.php\/como-reciclar-correctamente\/\" rel=\"bookmark\">\u00bfC\u00f3mo reciclar correctamente?<\/a><\/div>\t\t\t\t\t<div class=\"upl-excerpt bm_content\"> \u00bfC\u00f3mo reciclar correctamente? El Comit\u00e9 de Medioambiente del Instituto Alem\u00e1n quiere compartir&hellip; <\/div>\n\t\t\t\t\t\t\t<\/div>\n\t\t\t\t\t<div class=\"upl-second bm_content_box\">\n\t\t\t\t<div class=\"bm-post-image clearfix bm-hover-effect\">\n\t\t\t\t\t<div class=\"upl-image\" style=\"background-image: url('https:\/\/ialeman.cl\/wp-content\/uploads\/2022\/07\/acto_civico_III_medio_2.jpg')\"><\/div>\n\t\t\t\t<\/div>\n\t\t\t\t<div class=\"upl-author\">\n\t\t\t\t\t<img decoding=\"async\" src=\"https:\/\/secure.gravatar.com\/avatar\/40d572a4d623adc716d41ffcf8b16c31f8035144a20b3228682e3f533abcd43d?s=96&d=mm&r=g\">\n\t\t\t\t<\/div>\n\t\t\t\t<div class=\"upl-title bm_title\"><a href=\"https:\/\/ialeman.cl\/index.php\/dia-mundial-del-medio-ambiente\/\" rel=\"bookmark\">D\u00eda Mundial del Medio Ambiente<\/a><\/div>\t\t\t\t\t<div class=\"upl-excerpt bm_content\"> Acto C\u00edvico III Medio B \u00bfQu\u00e9 es? El D\u00eda Mundial del Medio&hellip; <\/div>\n\t\t\t\t\t\t\t<\/div>\n\t\t\t<\/div>\n\t\t\t\t<\/div>\n\t\t\t\t<\/div>\n\t\t\t\t\t<\/div>\n\t\t<\/div>\n\t\t\t\t\t<\/div>\n\t\t<\/section>\n\t\t\t\t<\/div>\n\t\t","protected":false},"excerpt":{"rendered":"<p>Lorena Zamora F. ENCARGADA COMIT\u00c9 AMBIENTAL Certificaci\u00f3n Ambiental 2023 Certificaci\u00f3n Ambiental 2023 El Instituto Alem\u00e1n Puerto Montt fue reconocido por tercera vez con la Certificaci\u00f3n Ambiental. En el Arena Puerto Montt se desarroll\u00f3 la ceremonia a cargo del Ministerio&hellip; Certificaci\u00f3n Ambiental El Instituto Alem\u00e1n Puerto Montt ha obtenido nuevamente este 2023 la certificaci\u00f3n&hellip; Punto Limpio [&hellip;]<\/p>\n","protected":false},"author":1,"featured_media":0,"parent":0,"menu_order":0,"comment_status":"closed","ping_status":"closed","template":"","meta":{"_crdt_document":"","_monsterinsights_skip_tracking":false,"_monsterinsights_sitenote_active":false,"_monsterinsights_sitenote_note":"","_monsterinsights_sitenote_category":0,"site-sidebar-layout":"no-sidebar","site-content-layout":"page-builder","ast-site-content-layout":"default","site-content-style":"default","site-sidebar-style":"default","ast-global-header-display":"","ast-banner-title-visibility":"","ast-main-header-display":"","ast-hfb-above-header-display":"","ast-hfb-below-header-display":"","ast-hfb-mobile-header-display":"","site-post-title":"disabled","ast-breadcrumbs-content":"","ast-featured-img":"disabled","footer-sml-layout":"","ast-disable-related-posts":"","theme-transparent-header-meta":"default","adv-header-id-meta":"","stick-header-meta":"","header-above-stick-meta":"","header-main-stick-meta":"","header-below-stick-meta":"","astra-migrate-meta-layouts":"default","ast-page-background-enabled":"default","ast-page-background-meta":{"desktop":{"background-color":"var(--ast-global-color-4)","background-image":"","background-repeat":"repeat","background-position":"center center","background-size":"auto","background-attachment":"scroll","background-type":"","background-media":"","overlay-type":"","overlay-color":"","overlay-opacity":"","overlay-gradient":""},"tablet":{"background-color":"","background-image":"","background-repeat":"repeat","background-position":"center center","background-size":"auto","background-attachment":"scroll","background-type":"","background-media":"","overlay-type":"","overlay-color":"","overlay-opacity":"","overlay-gradient":""},"mobile":{"background-color":"","background-image":"","background-repeat":"repeat","background-position":"center center","background-size":"auto","background-attachment":"scroll","background-type":"","background-media":"","overlay-type":"","overlay-color":"","overlay-opacity":"","overlay-gradient":""}},"ast-content-background-meta":{"desktop":{"background-color":"var(--ast-global-color-5)","background-image":"","background-repeat":"repeat","background-position":"center center","background-size":"auto","background-attachment":"scroll","background-type":"","background-media":"","overlay-type":"","overlay-color":"","overlay-opacity":"","overlay-gradient":""},"tablet":{"background-color":"var(--ast-global-color-5)","background-image":"","background-repeat":"repeat","background-position":"center center","background-size":"auto","background-attachment":"scroll","background-type":"","background-media":"","overlay-type":"","overlay-color":"","overlay-opacity":"","overlay-gradient":""},"mobile":{"background-color":"var(--ast-global-color-5)","background-image":"","background-repeat":"repeat","background-position":"center center","background-size":"auto","background-attachment":"scroll","background-type":"","background-media":"","overlay-type":"","overlay-color":"","overlay-opacity":"","overlay-gradient":""}},"advanced_seo_description":"","jetpack_seo_html_title":"","jetpack_seo_noindex":false,"footnotes":""},"class_list":["post-1317","page","type-page","status-publish","hentry"],"jetpack_shortlink":"https:\/\/wp.me\/Ph8I5c-lf","jetpack_sharing_enabled":true,"_links":{"self":[{"href":"https:\/\/ialeman.cl\/index.php\/wp-json\/wp\/v2\/pages\/1317","targetHints":{"allow":["GET"]}}],"collection":[{"href":"https:\/\/ialeman.cl\/index.php\/wp-json\/wp\/v2\/pages"}],"about":[{"href":"https:\/\/ialeman.cl\/index.php\/wp-json\/wp\/v2\/types\/page"}],"author":[{"embeddable":true,"href":"https:\/\/ialeman.cl\/index.php\/wp-json\/wp\/v2\/users\/1"}],"replies":[{"embeddable":true,"href":"https:\/\/ialeman.cl\/index.php\/wp-json\/wp\/v2\/comments?post=1317"}],"version-history":[{"count":12,"href":"https:\/\/ialeman.cl\/index.php\/wp-json\/wp\/v2\/pages\/1317\/revisions"}],"predecessor-version":[{"id":53887,"href":"https:\/\/ialeman.cl\/index.php\/wp-json\/wp\/v2\/pages\/1317\/revisions\/53887"}],"wp:attachment":[{"href":"https:\/\/ialeman.cl\/index.php\/wp-json\/wp\/v2\/media?parent=1317"}],"curies":[{"name":"wp","href":"https:\/\/api.w.org\/{rel}","templated":true}]}}